{"id":1152,"date":"2018-06-05T12:20:18","date_gmt":"2018-06-05T11:20:18","guid":{"rendered":"https:\/\/www.3b-com.com\/blog\/?page_id=1152"},"modified":"2025-09-03T13:51:20","modified_gmt":"2025-09-03T12:51:20","slug":"1mercerie","status":"publish","type":"page","link":"https:\/\/www.3b-com.com\/blog\/1mercerie\/","title":{"rendered":"3b Com | Grossiste en mercerie \u00e0 Toulouse"},"content":{"rendered":"\n<p class=\"has-drop-cap\">Bienvenue sur le Blog de 3B Com, grossiste en mercerie bas\u00e9 \u00e0 Toulouse, au service des professionnels de la mercerie et des loisirs cr\u00e9atifs. Dans cet article, on vous fait d\u00e9couvrir notre histoire, notre m\u00e9tier et notre engagement aupr\u00e8s des professionnels.<br><\/p>\n\n\n\n<div class=\"wp-block-columns is-layout-flex wp-container-4\">\n<div class=\"wp-block-column is-layout-flow\">\n<figure class=\"wp-block-image size-large\"><a href=\"https:\/\/www.3b-com.com\/blog\/wp-content\/uploads\/2025\/07\/IMG_7257-scaled.jpg\"><img decoding=\"async\" loading=\"lazy\" width=\"1024\" height=\"1024\" src=\"https:\/\/www.3b-com.com\/blog\/wp-content\/uploads\/2025\/07\/IMG_7257-1024x1024.jpg\" alt=\"\" class=\"wp-image-37996\" srcset=\"https:\/\/www.3b-com.com\/blog\/wp-content\/uploads\/2025\/07\/IMG_7257-1024x1024.jpg 1024w, https:\/\/www.3b-com.com\/blog\/wp-content\/uploads\/2025\/07\/IMG_7257-300x300.jpg 300w, https:\/\/www.3b-com.com\/blog\/wp-content\/uploads\/2025\/07\/IMG_7257-150x150.jpg 150w, https:\/\/www.3b-com.com\/blog\/wp-content\/uploads\/2025\/07\/IMG_7257-768x768.jpg 768w, https:\/\/www.3b-com.com\/blog\/wp-content\/uploads\/2025\/07\/IMG_7257-1536x1536.jpg 1536w, https:\/\/www.3b-com.com\/blog\/wp-content\/uploads\/2025\/07\/IMG_7257-2048x2048.jpg 2048w, https:\/\/www.3b-com.com\/blog\/wp-content\/uploads\/2025\/07\/IMG_7257-350x350.jpg 350w\" sizes=\"(max-width: 1024px) 100vw, 1024px\" \/><\/a><\/figure>\n<\/div>\n\n\n\n<div class=\"wp-block-column is-layout-flow\">\n<figure class=\"wp-block-image size-large\"><a href=\"https:\/\/www.3b-com.com\/blog\/wp-content\/uploads\/2025\/07\/fermeture.png\"><img decoding=\"async\" loading=\"lazy\" width=\"1024\" height=\"1024\" src=\"https:\/\/www.3b-com.com\/blog\/wp-content\/uploads\/2025\/07\/fermeture-1024x1024.png\" alt=\"\" class=\"wp-image-37995\" srcset=\"https:\/\/www.3b-com.com\/blog\/wp-content\/uploads\/2025\/07\/fermeture-1024x1024.png 1024w, https:\/\/www.3b-com.com\/blog\/wp-content\/uploads\/2025\/07\/fermeture-300x300.png 300w, https:\/\/www.3b-com.com\/blog\/wp-content\/uploads\/2025\/07\/fermeture-150x150.png 150w, https:\/\/www.3b-com.com\/blog\/wp-content\/uploads\/2025\/07\/fermeture-768x768.png 768w, https:\/\/www.3b-com.com\/blog\/wp-content\/uploads\/2025\/07\/fermeture-1536x1536.png 1536w, https:\/\/www.3b-com.com\/blog\/wp-content\/uploads\/2025\/07\/fermeture-2048x2048.png 2048w, https:\/\/www.3b-com.com\/blog\/wp-content\/uploads\/2025\/07\/fermeture-350x350.png 350w\" sizes=\"(max-width: 1024px) 100vw, 1024px\" \/><\/a><\/figure>\n<\/div>\n\n\n\n<div class=\"wp-block-column is-layout-flow\">\n<figure class=\"wp-block-image size-large\"><a href=\"https:\/\/www.3b-com.com\/blog\/wp-content\/uploads\/2025\/07\/boutons.png\"><img decoding=\"async\" loading=\"lazy\" width=\"1024\" height=\"1024\" src=\"https:\/\/www.3b-com.com\/blog\/wp-content\/uploads\/2025\/07\/boutons-1024x1024.png\" alt=\"\" class=\"wp-image-37998\" srcset=\"https:\/\/www.3b-com.com\/blog\/wp-content\/uploads\/2025\/07\/boutons-1024x1024.png 1024w, https:\/\/www.3b-com.com\/blog\/wp-content\/uploads\/2025\/07\/boutons-300x300.png 300w, https:\/\/www.3b-com.com\/blog\/wp-content\/uploads\/2025\/07\/boutons-150x150.png 150w, https:\/\/www.3b-com.com\/blog\/wp-content\/uploads\/2025\/07\/boutons-768x768.png 768w, https:\/\/www.3b-com.com\/blog\/wp-content\/uploads\/2025\/07\/boutons-1536x1536.png 1536w, https:\/\/www.3b-com.com\/blog\/wp-content\/uploads\/2025\/07\/boutons-2048x2048.png 2048w, https:\/\/www.3b-com.com\/blog\/wp-content\/uploads\/2025\/07\/boutons-350x350.png 350w\" sizes=\"(max-width: 1024px) 100vw, 1024px\" \/><\/a><\/figure>\n<\/div>\n<\/div>\n\n\n\n<p style=\"font-size:18px;font-style:normal;font-weight:700\"><strong>&#x1f4cd;<\/strong> Une entreprise familiale et ind\u00e9pendante<\/p>\n\n\n\n<p class=\"has-text-align-left\" style=\"font-size:16px;font-style:normal;font-weight:500\">3B Com, c&rsquo;est d&rsquo;abord une histoire de famille. Une entreprise ind\u00e9pendante, solidement implant\u00e9e \u00e0 Toulouse depuis les ann\u00e9es 70, qui a grandi avec un objectif clair. <\/p>\n\n\n\n<p class=\"has-text-align-left\" style=\"font-size:16px;font-style:normal;font-weight:500\">&#x1f449; Fournir aux professionnels un acc\u00e8s rapide, simple et fiable \u00e0 une large gamme de produits de mercerie. <\/p>\n\n\n\n<p style=\"font-size:18px;font-style:normal;font-weight:700\"><strong>&#x1f6e0;&#xfe0f;<\/strong> Une client\u00e8le diversifi\u00e9e, un seul objectif : vous \u00e9quiper efficacement<\/p>\n\n\n\n<p style=\"font-size:16px;font-style:normal;font-weight:500\">Nos clients sont multiples et passionn\u00e9s par leur m\u00e9tier : merceries, couturiers, cr\u00e9ateurs, ateliers de confection, costumiers, \u00e9coles de couture&#8230;<\/p>\n\n\n\n<p style=\"font-size:16px;font-style:normal;font-weight:500\">Notre r\u00f4le ? Vous permettre de gagner du temps, de travailler avec les bons produits et d&rsquo;acheter au bon prix. <\/p>\n\n\n\n<p style=\"font-size:16px;font-style:normal;font-weight:500\">Nous mettons \u00e0 votre disposition : <\/p>\n\n\n\n<ul>\n<li style=\"font-size:16px;font-style:normal;font-weight:500\">Un <a href=\"https:\/\/www.3b-com.com\/\" title=\"https:\/\/www.3b-com.com\/\">site web<\/a> r\u00e9serv\u00e9 aux professionnels, avec commande rapide, stock en temps r\u00e9el et prix adapt\u00e9s<\/li>\n\n\n\n<li style=\"font-size:16px;font-style:normal;font-weight:500\">Une \u00e9quipe experte pour vous conseiller au <a href=\"https:\/\/www.3b-com.com\/contact_client.php\" title=\"https:\/\/www.3b-com.com\/contact_client.php\">t\u00e9l\u00e9phone ou par mail <\/a><\/li>\n\n\n\n<li style=\"font-size:16px;font-style:normal;font-weight:500\">Une gamme de plus de 75 000 r\u00e9f\u00e9rences : <a href=\"https:\/\/www.3b-com.com\/c18-Boutons\" title=\"https:\/\/www.3b-com.com\/c18-Boutons\">boutons<\/a>, <a href=\"https:\/\/www.3b-com.com\/c2-Fermetures\" title=\"https:\/\/www.3b-com.com\/c2-Fermetures\">fermetures<\/a>, <a href=\"https:\/\/www.3b-com.com\/c20-Univers-de-nos-tissus\" title=\"https:\/\/www.3b-com.com\/c20-Univers-de-nos-tissus\">tissus<\/a>, <a href=\"https:\/\/www.3b-com.com\/c12-Rubans\" title=\"https:\/\/www.3b-com.com\/c12-Rubans\">rubans<\/a>, <a href=\"https:\/\/www.3b-com.com\/c59-Aiguille-et-epingle\" title=\"https:\/\/www.3b-com.com\/c59-Aiguille-et-epingle\">aiguilles<\/a>, <a href=\"https:\/\/www.3b-com.com\/c30-Fils\" title=\"https:\/\/www.3b-com.com\/c30-Fils\">fils<\/a>, <a href=\"https:\/\/www.3b-com.com\/c582-Patron-de-couture\" title=\"https:\/\/www.3b-com.com\/c582-Patron-de-couture\">patrons<\/a>, <a href=\"https:\/\/www.3b-com.com\/c355-Kits-couture\" title=\"https:\/\/www.3b-com.com\/c355-Kits-couture\">kits cr\u00e9atifs<\/a> &#8230;<\/li>\n<\/ul>\n\n\n\n<h2 class=\"wp-block-heading\" style=\"font-size:18px;font-style:normal;font-weight:700\"><strong>&#x1f517;<\/strong> Et demain ? <\/h2>\n\n\n\n<p style=\"font-size:16px;font-style:normal;font-weight:500\">Avec ce blog professionnel, nous avons envie d&rsquo;aller plus loin dans notre r\u00f4le d&rsquo;accompagnement. <\/p>\n\n\n\n<p style=\"font-size:16px;font-style:normal;font-weight:500\">&#x1f449; Vous y trouverez : <\/p>\n\n\n\n<ul>\n<li style=\"font-size:16px;font-style:normal;font-weight:500\">Des conseils produits, pour bien choisir selon vos usages <\/li>\n\n\n\n<li style=\"font-size:16px;font-style:normal;font-weight:500\">Des s\u00e9lections par th\u00e9matique ou saison <\/li>\n\n\n\n<li style=\"font-size:16px;font-style:normal;font-weight:500\">Des inspirations cr\u00e9atives pour vos projets ou vos clients <\/li>\n\n\n\n<li style=\"font-size:16px;font-style:normal;font-weight:500\">Des astuces de pros, test\u00e9es par notre \u00e9quipe <\/li>\n<\/ul>\n\n\n\n<h2 class=\"wp-block-heading\" style=\"font-size:18px;font-style:normal;font-weight:700\"><b style=\"font-weight:normal;\" id=\"docs-internal-guid-923a9469-7fff-3b08-4fc6-b0af2b4470f5\"><span style=\"font-size:11pt;font-family:Arial,sans-serif;color:#000000;background-color:transparent;font-weight:700;font-style:normal;font-variant:normal;text-decoration:none;vertical-align:baseline;white-space:pre;white-space:pre-wrap;\">&#x1f4e3;<\/span><\/b> Vous \u00eates professionnels ? Bienvenue chez vous. <\/h2>\n\n\n\n<p style=\"font-size:16px;font-style:normal;font-weight:500\">Cr\u00e9er un compte sur notre site, c&rsquo;est acc\u00e9der \u00e0 tout l&rsquo;univers 3B Com en quelques clics. <\/p>\n\n\n\n<p style=\"font-size:16px;font-style:normal;font-weight:500\">Commande rapide, stock en temps r\u00e9el, prix adapt\u00e9s, nouveaut\u00e9s \u00e0 l&rsquo;affiche. <\/p>\n\n\n\n<div class=\"wp-block-buttons is-content-justification-center is-layout-flex wp-container-5\">\n<div class=\"wp-block-button\"><a class=\"wp-block-button__link wp-element-button\" href=\"https:\/\/www.3b-com.com\/espaceClient.php\" target=\"_blank\" rel=\"noreferrer noopener\">Je m&rsquo;inscris<\/a><\/div>\n<\/div>\n\n\n\n<p style=\"font-size:18px;font-style:normal;font-weight:700\">&#x1f4f1; O\u00f9 nous suivre ? <\/p>\n\n\n\n<ul>\n<li style=\"font-size:16px;font-style:normal;font-weight:500\"><a href=\"https:\/\/www.facebook.com\/3BcomGrossiste\/?locale=fr_FR\" title=\"https:\/\/www.facebook.com\/3BcomGrossiste\/?locale=fr_FR\">Facebook<\/a> 3B Com grossiste en mercerie, Tissus et Loisirs cr\u00e9atifs <\/li>\n\n\n\n<li style=\"font-size:16px;font-style:normal;font-weight:500\"><a href=\"https:\/\/www.instagram.com\/3b_com\/\" target=\"_blank\" rel=\"noreferrer noopener\" title=\"https:\/\/www.instagram.com\/3b_com\/\">Instagram<\/a> et Threads @3b_com <\/li>\n\n\n\n<li style=\"font-size:16px;font-style:normal;font-weight:500\"><a href=\"https:\/\/www.youtube.com\/@3bcomToulouse\/shorts\" title=\"https:\/\/www.youtube.com\/@3bcomToulouse\/shorts\">Youtube<\/a> @3bcomToulouse <\/li>\n\n\n\n<li style=\"font-size:16px;font-style:normal;font-weight:500\"><a href=\"https:\/\/www.tiktok.com\/@3b_com\" title=\"https:\/\/www.tiktok.com\/@3b_com\">Tiktok<\/a> @3b_com <\/li>\n\n\n\n<li style=\"font-size:16px;font-style:normal;font-weight:500\"><a href=\"https:\/\/fr.linkedin.com\/company\/3b-com\" title=\"https:\/\/fr.linkedin.com\/company\/3b-com\">Linkedln<\/a> 3B Com Grossiste en Mercerie, Tissus et Loisirs Cr\u00e9atifs <\/li>\n\n\n\n<li style=\"font-size:16px;font-style:normal;font-weight:500\"><a href=\"https:\/\/fr.pinterest.com\/merceriestissusloisirscreatifs\/\" title=\"https:\/\/fr.pinterest.com\/merceriestissusloisirscreatifs\/\">Pinterest<\/a> 3B Com Grossiste en Mercerie, Tissus et Loisirs Cr\u00e9atifs<\/li>\n<\/ul>\n\n\n\n<p><\/p>\n","protected":false},"excerpt":{"rendered":"<p>Bienvenue sur le Blog de 3B Com, grossiste en mercerie bas\u00e9 \u00e0 Toulouse, au service des professionnels de la mercerie et des loisirs&#8230;<\/p>\n","protected":false},"author":1,"featured_media":0,"parent":0,"menu_order":3,"comment_status":"closed","ping_status":"closed","template":"","meta":{"_mi_skip_tracking":false},"_links":{"self":[{"href":"https:\/\/www.3b-com.com\/blog\/wp-json\/wp\/v2\/pages\/1152"}],"collection":[{"href":"https:\/\/www.3b-com.com\/blog\/wp-json\/wp\/v2\/pages"}],"about":[{"href":"https:\/\/www.3b-com.com\/blog\/wp-json\/wp\/v2\/types\/page"}],"author":[{"embeddable":true,"href":"https:\/\/www.3b-com.com\/blog\/wp-json\/wp\/v2\/users\/1"}],"replies":[{"embeddable":true,"href":"https:\/\/www.3b-com.com\/blog\/wp-json\/wp\/v2\/comments?post=1152"}],"version-history":[{"count":5,"href":"https:\/\/www.3b-com.com\/blog\/wp-json\/wp\/v2\/pages\/1152\/revisions"}],"predecessor-version":[{"id":38136,"href":"https:\/\/www.3b-com.com\/blog\/wp-json\/wp\/v2\/pages\/1152\/revisions\/38136"}],"wp:attachment":[{"href":"https:\/\/www.3b-com.com\/blog\/wp-json\/wp\/v2\/media?parent=1152"}],"curies":[{"name":"wp","href":"https:\/\/api.w.org\/{rel}","templated":true}]}}