{"id":1322,"date":"2018-06-06T14:44:05","date_gmt":"2018-06-06T13:44:05","guid":{"rendered":"https:\/\/www.3b-com.com\/blog\/?page_id=1322"},"modified":"2025-09-10T10:11:02","modified_gmt":"2025-09-10T09:11:02","slug":"1pro","status":"publish","type":"page","link":"https:\/\/www.3b-com.com\/blog\/1pro\/","title":{"rendered":"Marques et partenaires"},"content":{"rendered":"\n<p>&#x2728; D\u00e9couvrez les marques et partenaires que nous distribuons, s\u00e9lectionn\u00e9s pour leur qualit\u00e9 et leur expertise dans le domaine de la mercerie et des loisirs cr\u00e9atifs.<\/p>\n\n\n\n<figure class=\"wp-block-embed is-type-wp-embed is-provider-au-fil-de-lactu-le-blog-3-b-com wp-block-embed-au-fil-de-lactu-le-blog-3-b-com\"><div class=\"wp-block-embed__wrapper\">\n<blockquote class=\"wp-embedded-content\" data-secret=\"np6i7eE2V1\"><a href=\"https:\/\/www.3b-com.com\/blog\/vlieseline-la-qualite-au-service-de-lexcellence\/\">Liberty Fabrics : la po\u00e9sie des tissus qui traversent le temps<\/a><\/blockquote><iframe class=\"wp-embedded-content\" sandbox=\"allow-scripts\" security=\"restricted\" style=\"position: absolute; clip: rect(1px, 1px, 1px, 1px);\" title=\"\u00ab\u00a0Liberty Fabrics : la po\u00e9sie des tissus qui traversent le temps\u00a0\u00bb &#8212; Au fil de l\u2019actu \u2013 Le blog 3B Com\" src=\"https:\/\/www.3b-com.com\/blog\/vlieseline-la-qualite-au-service-de-lexcellence\/embed\/#?secret=0lZ3CbBGz8#?secret=np6i7eE2V1\" data-secret=\"np6i7eE2V1\" width=\"600\" height=\"338\" frameborder=\"0\" marginwidth=\"0\" marginheight=\"0\" scrolling=\"no\"><\/iframe>\n<\/div><\/figure>\n\n\n\n<figure class=\"wp-block-embed is-type-wp-embed is-provider-au-fil-de-lactu-le-blog-3-b-com wp-block-embed-au-fil-de-lactu-le-blog-3-b-com\"><div class=\"wp-block-embed__wrapper\">\n<blockquote class=\"wp-embedded-content\" data-secret=\"shEaAObxd6\"><a href=\"https:\/\/www.3b-com.com\/blog\/diy-les-pro-createurs\/\">DIY : Les Pro-cr\u00e9ateurs<\/a><\/blockquote><iframe class=\"wp-embedded-content\" sandbox=\"allow-scripts\" security=\"restricted\" style=\"position: absolute; clip: rect(1px, 1px, 1px, 1px);\" title=\"\u00ab\u00a0DIY : Les Pro-cr\u00e9ateurs\u00a0\u00bb &#8212; Au fil de l\u2019actu \u2013 Le blog 3B Com\" src=\"https:\/\/www.3b-com.com\/blog\/diy-les-pro-createurs\/embed\/#?secret=KOrComKMs9#?secret=shEaAObxd6\" data-secret=\"shEaAObxd6\" width=\"600\" height=\"338\" frameborder=\"0\" marginwidth=\"0\" marginheight=\"0\" scrolling=\"no\"><\/iframe>\n<\/div><\/figure>\n\n\n\n<figure class=\"wp-block-embed is-type-wp-embed is-provider-au-fil-de-lactu-le-blog-3-b-com wp-block-embed-au-fil-de-lactu-le-blog-3-b-com\"><div class=\"wp-block-embed__wrapper\">\n<blockquote class=\"wp-embedded-content\" data-secret=\"38DiXuCaCX\"><a href=\"https:\/\/www.3b-com.com\/blog\/salon-pro-fil-patch-2019\/\">Salon [Pro-fil patch] 2019<\/a><\/blockquote><iframe class=\"wp-embedded-content\" sandbox=\"allow-scripts\" security=\"restricted\" style=\"position: absolute; clip: rect(1px, 1px, 1px, 1px);\" title=\"\u00ab\u00a0Salon [Pro-fil patch] 2019\u00a0\u00bb &#8212; Au fil de l\u2019actu \u2013 Le blog 3B Com\" src=\"https:\/\/www.3b-com.com\/blog\/salon-pro-fil-patch-2019\/embed\/#?secret=tIAPGhwTHS#?secret=38DiXuCaCX\" data-secret=\"38DiXuCaCX\" width=\"600\" height=\"338\" frameborder=\"0\" marginwidth=\"0\" marginheight=\"0\" scrolling=\"no\"><\/iframe>\n<\/div><\/figure>\n\n\n\n<figure class=\"wp-block-embed is-type-wp-embed is-provider-au-fil-de-lactu-le-blog-3-b-com wp-block-embed-au-fil-de-lactu-le-blog-3-b-com\"><div class=\"wp-block-embed__wrapper\">\n<blockquote class=\"wp-embedded-content\" data-secret=\"jlPVDjcjY6\"><a href=\"https:\/\/www.3b-com.com\/blog\/gutermann-au-fil-dune-visite\/\">G\u00fctermann : Au fil d&rsquo;une visite !<\/a><\/blockquote><iframe class=\"wp-embedded-content\" sandbox=\"allow-scripts\" security=\"restricted\" style=\"position: absolute; clip: rect(1px, 1px, 1px, 1px);\" title=\"\u00ab\u00a0G\u00fctermann : Au fil d&rsquo;une visite !\u00a0\u00bb &#8212; Au fil de l\u2019actu \u2013 Le blog 3B Com\" src=\"https:\/\/www.3b-com.com\/blog\/gutermann-au-fil-dune-visite\/embed\/#?secret=DORDQ2ESSW#?secret=jlPVDjcjY6\" data-secret=\"jlPVDjcjY6\" width=\"600\" height=\"338\" frameborder=\"0\" marginwidth=\"0\" marginheight=\"0\" scrolling=\"no\"><\/iframe>\n<\/div><\/figure>\n\n\n\n<figure class=\"wp-block-embed is-type-wp-embed is-provider-au-fil-de-lactu-le-blog-3-b-com wp-block-embed-au-fil-de-lactu-le-blog-3-b-com\"><div class=\"wp-block-embed__wrapper\">\n<blockquote class=\"wp-embedded-content\" data-secret=\"4loXBiN0j5\"><a href=\"https:\/\/www.3b-com.com\/blog\/arthur-france-coussins-specialiste-du-rembourrage\/\">Arthur France Coussins, sp\u00e9cialiste du rembourrage<\/a><\/blockquote><iframe class=\"wp-embedded-content\" sandbox=\"allow-scripts\" security=\"restricted\" style=\"position: absolute; clip: rect(1px, 1px, 1px, 1px);\" title=\"\u00ab\u00a0Arthur France Coussins, sp\u00e9cialiste du rembourrage\u00a0\u00bb &#8212; Au fil de l\u2019actu \u2013 Le blog 3B Com\" src=\"https:\/\/www.3b-com.com\/blog\/arthur-france-coussins-specialiste-du-rembourrage\/embed\/#?secret=FYv6v7Kemg#?secret=4loXBiN0j5\" data-secret=\"4loXBiN0j5\" width=\"600\" height=\"338\" frameborder=\"0\" marginwidth=\"0\" marginheight=\"0\" scrolling=\"no\"><\/iframe>\n<\/div><\/figure>\n\n\n<p><blockquote class=\"wp-embedded-content\" data-secret=\"MOiQM5ymBW\"><a href=\"https:\/\/www.3b-com.com\/blog\/salon-professionnel-pro-fil-patch-2018-2\/\">Salon professionnel Pro-Fil Patch 2018<\/a><\/blockquote><iframe class=\"wp-embedded-content\" sandbox=\"allow-scripts\" security=\"restricted\" style=\"position: absolute; clip: rect(1px, 1px, 1px, 1px);\" title=\"\u00ab\u00a0Salon professionnel Pro-Fil Patch 2018\u00a0\u00bb &#8212; Au fil de l\u2019actu \u2013 Le blog 3B Com\" src=\"https:\/\/www.3b-com.com\/blog\/salon-professionnel-pro-fil-patch-2018-2\/embed\/#?secret=CW9Lk5y3ic#?secret=MOiQM5ymBW\" data-secret=\"MOiQM5ymBW\" width=\"600\" height=\"338\" frameborder=\"0\" marginwidth=\"0\" marginheight=\"0\" scrolling=\"no\"><\/iframe><\/p>\n<p><blockquote class=\"wp-embedded-content\" data-secret=\"UhDDcj9Kfw\"><a href=\"https:\/\/www.3b-com.com\/blog\/une-rentree-en-beaute\/\">Une rentr\u00e9e en beaut\u00e9<\/a><\/blockquote><iframe class=\"wp-embedded-content\" sandbox=\"allow-scripts\" security=\"restricted\" style=\"position: absolute; clip: rect(1px, 1px, 1px, 1px);\" title=\"\u00ab\u00a0Une rentr\u00e9e en beaut\u00e9\u00a0\u00bb &#8212; Au fil de l\u2019actu \u2013 Le blog 3B Com\" src=\"https:\/\/www.3b-com.com\/blog\/une-rentree-en-beaute\/embed\/#?secret=oHC55nF3Qd#?secret=UhDDcj9Kfw\" data-secret=\"UhDDcj9Kfw\" width=\"600\" height=\"338\" frameborder=\"0\" marginwidth=\"0\" marginheight=\"0\" scrolling=\"no\"><\/iframe><\/p>\n<p><blockquote class=\"wp-embedded-content\" data-secret=\"ujtQyea6lh\"><a href=\"https:\/\/www.3b-com.com\/blog\/en-vip-chez-bohin-france\/\">En VIP chez Bohin France !<\/a><\/blockquote><iframe class=\"wp-embedded-content\" sandbox=\"allow-scripts\" security=\"restricted\" style=\"position: absolute; clip: rect(1px, 1px, 1px, 1px);\" title=\"\u00ab\u00a0En VIP chez Bohin France !\u00a0\u00bb &#8212; Au fil de l\u2019actu \u2013 Le blog 3B Com\" src=\"https:\/\/www.3b-com.com\/blog\/en-vip-chez-bohin-france\/embed\/#?secret=5SrnONGlcF#?secret=ujtQyea6lh\" data-secret=\"ujtQyea6lh\" width=\"600\" height=\"338\" frameborder=\"0\" marginwidth=\"0\" marginheight=\"0\" scrolling=\"no\"><\/iframe><\/p>\n<p><blockquote class=\"wp-embedded-content\" data-secret=\"70gKVsUVMt\"><a href=\"https:\/\/www.3b-com.com\/blog\/10-merceries-en-visite-chez-bohin\/\">10 merceries en visite chez Bohin !<\/a><\/blockquote><iframe class=\"wp-embedded-content\" sandbox=\"allow-scripts\" security=\"restricted\" style=\"position: absolute; clip: rect(1px, 1px, 1px, 1px);\" title=\"\u00ab\u00a010 merceries en visite chez Bohin !\u00a0\u00bb &#8212; Au fil de l\u2019actu \u2013 Le blog 3B Com\" src=\"https:\/\/www.3b-com.com\/blog\/10-merceries-en-visite-chez-bohin\/embed\/#?secret=m8SP05ZU5u#?secret=70gKVsUVMt\" data-secret=\"70gKVsUVMt\" width=\"600\" height=\"338\" frameborder=\"0\" marginwidth=\"0\" marginheight=\"0\" scrolling=\"no\"><\/iframe><\/p>\n<p><blockquote class=\"wp-embedded-content\" data-secret=\"gvDGi6kB8r\"><a href=\"https:\/\/www.3b-com.com\/blog\/des-boutons-pour-lhiver-2016\/\">Des boutons pour l&rsquo;hiver 2016 !<\/a><\/blockquote><iframe class=\"wp-embedded-content\" sandbox=\"allow-scripts\" security=\"restricted\" style=\"position: absolute; clip: rect(1px, 1px, 1px, 1px);\" title=\"\u00ab\u00a0Des boutons pour l&rsquo;hiver 2016 !\u00a0\u00bb &#8212; Au fil de l\u2019actu \u2013 Le blog 3B Com\" src=\"https:\/\/www.3b-com.com\/blog\/des-boutons-pour-lhiver-2016\/embed\/#?secret=0JtiIIdByF#?secret=gvDGi6kB8r\" data-secret=\"gvDGi6kB8r\" width=\"600\" height=\"338\" frameborder=\"0\" marginwidth=\"0\" marginheight=\"0\" scrolling=\"no\"><\/iframe><\/p>","protected":false},"excerpt":{"rendered":"<p>&#x2728; D\u00e9couvrez les marques et partenaires que nous distribuons, s\u00e9lectionn\u00e9s pour leur qualit\u00e9 et leur expertise dans le domaine de la mercerie et&#8230;<\/p>\n","protected":false},"author":1,"featured_media":0,"parent":0,"menu_order":4,"comment_status":"closed","ping_status":"closed","template":"","meta":{"_mi_skip_tracking":false},"_links":{"self":[{"href":"https:\/\/www.3b-com.com\/blog\/wp-json\/wp\/v2\/pages\/1322"}],"collection":[{"href":"https:\/\/www.3b-com.com\/blog\/wp-json\/wp\/v2\/pages"}],"about":[{"href":"https:\/\/www.3b-com.com\/blog\/wp-json\/wp\/v2\/types\/page"}],"author":[{"embeddable":true,"href":"https:\/\/www.3b-com.com\/blog\/wp-json\/wp\/v2\/users\/1"}],"replies":[{"embeddable":true,"href":"https:\/\/www.3b-com.com\/blog\/wp-json\/wp\/v2\/comments?post=1322"}],"version-history":[{"count":4,"href":"https:\/\/www.3b-com.com\/blog\/wp-json\/wp\/v2\/pages\/1322\/revisions"}],"predecessor-version":[{"id":38138,"href":"https:\/\/www.3b-com.com\/blog\/wp-json\/wp\/v2\/pages\/1322\/revisions\/38138"}],"wp:attachment":[{"href":"https:\/\/www.3b-com.com\/blog\/wp-json\/wp\/v2\/media?parent=1322"}],"curies":[{"name":"wp","href":"https:\/\/api.w.org\/{rel}","templated":true}]}}