{"id":38046,"date":"2025-09-03T11:02:35","date_gmt":"2025-09-03T10:02:35","guid":{"rendered":"https:\/\/www.3b-com.com\/blog\/?page_id=38046"},"modified":"2025-09-10T09:56:20","modified_gmt":"2025-09-10T08:56:20","slug":"catalogues","status":"publish","type":"page","link":"https:\/\/www.3b-com.com\/blog\/catalogues\/","title":{"rendered":"Catalogues"},"content":{"rendered":"\n<p style=\"font-style:normal;font-weight:700\">&#x1f4da; T\u00e9l\u00e9chargez les PDF de nos catalogues et gammes de produits<\/p>\n\n\n\n<p style=\"font-style:normal;font-weight:500\">Consultez les collections des diff\u00e9rentes marques que nous proposons.<\/p>\n\n\n\n<p style=\"font-style:normal;font-weight:500\">&#x26a0;&#xfe0f; <strong>Attention<\/strong> : tous les produits pr\u00e9sents dans ces catalogues ne sont pas syst\u00e9matiquement r\u00e9f\u00e9renc\u00e9s chez 3B Com.<br>Pour toute question ou demande sp\u00e9cifique, notre \u00e9quipe reste \u00e0 votre disposition par <strong>t\u00e9l\u00e9phone, e-mail ou message<\/strong>.<\/p>\n\n\n\n<div class=\"wp-block-columns is-layout-flex wp-container-4\">\n<div class=\"wp-block-column is-layout-flow\">\n<figure class=\"wp-block-image size-full\"><a href=\"https:\/\/www.3b-com.com\/medias\/70_BOHIN_2025.pdf\" target=\"_blank\" rel=\"noopener\"><img decoding=\"async\" loading=\"lazy\" width=\"200\" height=\"304\" src=\"https:\/\/www.3b-com.com\/blog\/wp-content\/uploads\/2025\/09\/70_BOHIN_2025.jpg\" alt=\"\" class=\"wp-image-38121\" srcset=\"https:\/\/www.3b-com.com\/blog\/wp-content\/uploads\/2025\/09\/70_BOHIN_2025.jpg 200w, https:\/\/www.3b-com.com\/blog\/wp-content\/uploads\/2025\/09\/70_BOHIN_2025-197x300.jpg 197w\" sizes=\"(max-width: 200px) 100vw, 200px\" \/><\/a><\/figure>\n<\/div>\n\n\n\n<div class=\"wp-block-column is-layout-flow\">\n<figure class=\"wp-block-image size-full\"><a href=\"https:\/\/www.3b-com.com\/medias\/96_Vlieseline_2025.pdf\"><img decoding=\"async\" loading=\"lazy\" width=\"200\" height=\"304\" src=\"https:\/\/www.3b-com.com\/blog\/wp-content\/uploads\/2025\/09\/96_VLIESELINE_2025.jpg\" alt=\"\" class=\"wp-image-38122\" srcset=\"https:\/\/www.3b-com.com\/blog\/wp-content\/uploads\/2025\/09\/96_VLIESELINE_2025.jpg 200w, https:\/\/www.3b-com.com\/blog\/wp-content\/uploads\/2025\/09\/96_VLIESELINE_2025-197x300.jpg 197w\" sizes=\"(max-width: 200px) 100vw, 200px\" \/><\/a><\/figure>\n<\/div>\n\n\n\n<div class=\"wp-block-column is-layout-flow\">\n<figure class=\"wp-block-image size-full\"><a href=\"https:\/\/www.3b-com.com\/medias\/256_CLOVER_2025.pdf\"><img decoding=\"async\" loading=\"lazy\" width=\"200\" height=\"304\" src=\"https:\/\/www.3b-com.com\/blog\/wp-content\/uploads\/2025\/09\/256_CLOVER_2025.jpg\" alt=\"\" class=\"wp-image-38123\" srcset=\"https:\/\/www.3b-com.com\/blog\/wp-content\/uploads\/2025\/09\/256_CLOVER_2025.jpg 200w, https:\/\/www.3b-com.com\/blog\/wp-content\/uploads\/2025\/09\/256_CLOVER_2025-197x300.jpg 197w\" sizes=\"(max-width: 200px) 100vw, 200px\" \/><\/a><\/figure>\n<\/div>\n<\/div>\n\n\n\n<div class=\"wp-block-columns is-layout-flex wp-container-8\">\n<div class=\"wp-block-column is-layout-flow\">\n<figure class=\"wp-block-image size-full is-resized\"><a href=\"https:\/\/www.3b-com.com\/medias\/INTERTISS_2025.pdf\"><img decoding=\"async\" loading=\"lazy\" src=\"https:\/\/www.3b-com.com\/blog\/wp-content\/uploads\/2025\/09\/INTERTISS_2025.jpg\" alt=\"\" class=\"wp-image-38124\" width=\"200\" height=\"304\" srcset=\"https:\/\/www.3b-com.com\/blog\/wp-content\/uploads\/2025\/09\/INTERTISS_2025.jpg 200w, https:\/\/www.3b-com.com\/blog\/wp-content\/uploads\/2025\/09\/INTERTISS_2025-197x300.jpg 197w\" sizes=\"(max-width: 200px) 100vw, 200px\" \/><\/a><\/figure>\n<\/div>\n\n\n\n<div class=\"wp-block-column is-layout-flow\">\n<figure class=\"wp-block-image size-full\"><a href=\"https:\/\/www.3b-com.com\/medias\/408_THERMO_2025.pdf\"><img decoding=\"async\" loading=\"lazy\" width=\"200\" height=\"304\" src=\"https:\/\/www.3b-com.com\/blog\/wp-content\/uploads\/2025\/09\/408_THERMO_2025.jpg\" alt=\"\" class=\"wp-image-38125\" srcset=\"https:\/\/www.3b-com.com\/blog\/wp-content\/uploads\/2025\/09\/408_THERMO_2025.jpg 200w, https:\/\/www.3b-com.com\/blog\/wp-content\/uploads\/2025\/09\/408_THERMO_2025-197x300.jpg 197w\" sizes=\"(max-width: 200px) 100vw, 200px\" \/><\/a><\/figure>\n<\/div>\n\n\n\n<div class=\"wp-block-column is-layout-flow\">\n<figure class=\"wp-block-image size-full\"><a href=\"https:\/\/www.3b-com.com\/medias\/17_PRYM_Gamme_Sans_Couture_B2C_Leaflet.pdf\"><img decoding=\"async\" loading=\"lazy\" width=\"200\" height=\"304\" src=\"https:\/\/www.3b-com.com\/blog\/wp-content\/uploads\/2025\/09\/17_PRYM_Gamme_Sans_Couture_B2C_Leaflet.jpg\" alt=\"\" class=\"wp-image-38126\" srcset=\"https:\/\/www.3b-com.com\/blog\/wp-content\/uploads\/2025\/09\/17_PRYM_Gamme_Sans_Couture_B2C_Leaflet.jpg 200w, https:\/\/www.3b-com.com\/blog\/wp-content\/uploads\/2025\/09\/17_PRYM_Gamme_Sans_Couture_B2C_Leaflet-197x300.jpg 197w\" sizes=\"(max-width: 200px) 100vw, 200px\" \/><\/a><\/figure>\n<\/div>\n<\/div>\n\n\n\n<div class=\"wp-block-columns is-layout-flex wp-container-12\">\n<div class=\"wp-block-column is-layout-flow\">\n<figure class=\"wp-block-image size-full\"><a href=\"https:\/\/www.3b-com.com\/medias\/17_PRYM_Les_Bases_Du_Tricot_Et_Du_Crochet.pdf\"><img decoding=\"async\" loading=\"lazy\" width=\"200\" height=\"304\" src=\"https:\/\/www.3b-com.com\/blog\/wp-content\/uploads\/2025\/09\/17_PRYM_Les_Bases_Du_Tricot_Et_Du_Crochet.jpg\" alt=\"\" class=\"wp-image-38127\" srcset=\"https:\/\/www.3b-com.com\/blog\/wp-content\/uploads\/2025\/09\/17_PRYM_Les_Bases_Du_Tricot_Et_Du_Crochet.jpg 200w, https:\/\/www.3b-com.com\/blog\/wp-content\/uploads\/2025\/09\/17_PRYM_Les_Bases_Du_Tricot_Et_Du_Crochet-197x300.jpg 197w\" sizes=\"(max-width: 200px) 100vw, 200px\" \/><\/a><\/figure>\n<\/div>\n\n\n\n<div class=\"wp-block-column is-layout-flow\">\n<figure class=\"wp-block-image size-full\"><a href=\"https:\/\/www.3b-com.com\/medias\/17_PRYM_Les_Produits_De_Reparation_Et_Dentretien_De_Prym.pdf\"><img decoding=\"async\" loading=\"lazy\" width=\"200\" height=\"304\" src=\"https:\/\/www.3b-com.com\/blog\/wp-content\/uploads\/2025\/09\/17_PRYM_Les_Produits_De_Reparation_entretien_De_Prym.jpg\" alt=\"\" class=\"wp-image-38128\" srcset=\"https:\/\/www.3b-com.com\/blog\/wp-content\/uploads\/2025\/09\/17_PRYM_Les_Produits_De_Reparation_entretien_De_Prym.jpg 200w, https:\/\/www.3b-com.com\/blog\/wp-content\/uploads\/2025\/09\/17_PRYM_Les_Produits_De_Reparation_entretien_De_Prym-197x300.jpg 197w\" sizes=\"(max-width: 200px) 100vw, 200px\" \/><\/a><\/figure>\n<\/div>\n\n\n\n<div class=\"wp-block-column is-layout-flow\">\n<figure class=\"wp-block-image size-full\"><a href=\"https:\/\/www.3b-com.com\/medias\/42_FAG_2025.pdf\"><img decoding=\"async\" loading=\"lazy\" width=\"200\" height=\"304\" src=\"https:\/\/www.3b-com.com\/blog\/wp-content\/uploads\/2025\/09\/42_ECLAIR_2025.jpg\" alt=\"\" class=\"wp-image-38129\" srcset=\"https:\/\/www.3b-com.com\/blog\/wp-content\/uploads\/2025\/09\/42_ECLAIR_2025.jpg 200w, https:\/\/www.3b-com.com\/blog\/wp-content\/uploads\/2025\/09\/42_ECLAIR_2025-197x300.jpg 197w\" sizes=\"(max-width: 200px) 100vw, 200px\" \/><\/a><\/figure>\n<\/div>\n<\/div>\n","protected":false},"excerpt":{"rendered":"<p>&#x1f4da; T\u00e9l\u00e9chargez les PDF de nos catalogues et gammes de produits Consultez les collections des diff\u00e9rentes marques que nous proposons. &#x26a0;&#xfe0f; Attention :&#8230;<\/p>\n","protected":false},"author":8,"featured_media":0,"parent":0,"menu_order":0,"comment_status":"closed","ping_status":"closed","template":"","meta":{"_mi_skip_tracking":false},"_links":{"self":[{"href":"https:\/\/www.3b-com.com\/blog\/wp-json\/wp\/v2\/pages\/38046"}],"collection":[{"href":"https:\/\/www.3b-com.com\/blog\/wp-json\/wp\/v2\/pages"}],"about":[{"href":"https:\/\/www.3b-com.com\/blog\/wp-json\/wp\/v2\/types\/page"}],"author":[{"embeddable":true,"href":"https:\/\/www.3b-com.com\/blog\/wp-json\/wp\/v2\/users\/8"}],"replies":[{"embeddable":true,"href":"https:\/\/www.3b-com.com\/blog\/wp-json\/wp\/v2\/comments?post=38046"}],"version-history":[{"count":5,"href":"https:\/\/www.3b-com.com\/blog\/wp-json\/wp\/v2\/pages\/38046\/revisions"}],"predecessor-version":[{"id":38137,"href":"https:\/\/www.3b-com.com\/blog\/wp-json\/wp\/v2\/pages\/38046\/revisions\/38137"}],"wp:attachment":[{"href":"https:\/\/www.3b-com.com\/blog\/wp-json\/wp\/v2\/media?parent=38046"}],"curies":[{"name":"wp","href":"https:\/\/api.w.org\/{rel}","templated":true}]}}