{"id":38071,"date":"2025-09-03T14:06:20","date_gmt":"2025-09-03T13:06:20","guid":{"rendered":"https:\/\/www.3b-com.com\/blog\/?page_id=38071"},"modified":"2025-09-11T15:50:26","modified_gmt":"2025-09-11T14:50:26","slug":"zoom-produits","status":"publish","type":"page","link":"https:\/\/www.3b-com.com\/blog\/zoom-produits\/","title":{"rendered":"Zoom produits"},"content":{"rendered":"\n<p>D\u00e9couvrez les <strong>produits phares du moment<\/strong> chez 3B Com et profitez de nos <strong>offres sp\u00e9ciales r\u00e9serv\u00e9es aux professionnels<\/strong>. Chaque s\u00e9lection met en avant des articles tendances ou en promotion pour vos projets de couture, mercerie et loisirs cr\u00e9atifs.<\/p>\n\n\n\n<figure class=\"wp-block-embed is-type-wp-embed is-provider-au-fil-de-lactu-le-blog-3-b-com wp-block-embed-au-fil-de-lactu-le-blog-3-b-com\"><div class=\"wp-block-embed__wrapper\">\n<blockquote class=\"wp-embedded-content\" data-secret=\"vKhbWImqGv\"><a href=\"https:\/\/www.3b-com.com\/blog\/offre-du-moment-50-sur-les-boutons-collection-automne-hiver\/\">Offre du moment : -50% sur les boutons Collection Automne\/Hiver<\/a><\/blockquote><iframe class=\"wp-embedded-content\" sandbox=\"allow-scripts\" security=\"restricted\" style=\"position: absolute; clip: rect(1px, 1px, 1px, 1px);\" title=\"\u00ab\u00a0Offre du moment : -50% sur les boutons Collection Automne\/Hiver\u00a0\u00bb &#8212; Au fil de l\u2019actu \u2013 Le blog 3B Com\" src=\"https:\/\/www.3b-com.com\/blog\/offre-du-moment-50-sur-les-boutons-collection-automne-hiver\/embed\/#?secret=PXu4VXbAV9#?secret=vKhbWImqGv\" data-secret=\"vKhbWImqGv\" width=\"600\" height=\"338\" frameborder=\"0\" marginwidth=\"0\" marginheight=\"0\" scrolling=\"no\"><\/iframe>\n<\/div><\/figure>\n\n\n\n<figure class=\"wp-block-embed is-type-wp-embed is-provider-au-fil-de-lactu-le-blog-3-b-com wp-block-embed-au-fil-de-lactu-le-blog-3-b-com\"><div class=\"wp-block-embed__wrapper\">\n<blockquote class=\"wp-embedded-content\" data-secret=\"DFPhq3DJqf\"><a href=\"https:\/\/www.3b-com.com\/blog\/offre-de-rentree-thermocollants-surprise-offerts\/\">Offre de rentr\u00e9e : Thermocollants surprise offerts !<\/a><\/blockquote><iframe class=\"wp-embedded-content\" sandbox=\"allow-scripts\" security=\"restricted\" style=\"position: absolute; clip: rect(1px, 1px, 1px, 1px);\" title=\"\u00ab\u00a0Offre de rentr\u00e9e : Thermocollants surprise offerts !\u00a0\u00bb &#8212; Au fil de l\u2019actu \u2013 Le blog 3B Com\" src=\"https:\/\/www.3b-com.com\/blog\/offre-de-rentree-thermocollants-surprise-offerts\/embed\/#?secret=jpwvq0sCNj#?secret=DFPhq3DJqf\" data-secret=\"DFPhq3DJqf\" width=\"600\" height=\"338\" frameborder=\"0\" marginwidth=\"0\" marginheight=\"0\" scrolling=\"no\"><\/iframe>\n<\/div><\/figure>\n","protected":false},"excerpt":{"rendered":"<p>D\u00e9couvrez les produits phares du moment chez 3B Com et profitez de nos offres sp\u00e9ciales r\u00e9serv\u00e9es aux professionnels. Chaque s\u00e9lection met en avant&#8230;<\/p>\n","protected":false},"author":8,"featured_media":0,"parent":0,"menu_order":0,"comment_status":"closed","ping_status":"closed","template":"","meta":{"_mi_skip_tracking":false},"_links":{"self":[{"href":"https:\/\/www.3b-com.com\/blog\/wp-json\/wp\/v2\/pages\/38071"}],"collection":[{"href":"https:\/\/www.3b-com.com\/blog\/wp-json\/wp\/v2\/pages"}],"about":[{"href":"https:\/\/www.3b-com.com\/blog\/wp-json\/wp\/v2\/types\/page"}],"author":[{"embeddable":true,"href":"https:\/\/www.3b-com.com\/blog\/wp-json\/wp\/v2\/users\/8"}],"replies":[{"embeddable":true,"href":"https:\/\/www.3b-com.com\/blog\/wp-json\/wp\/v2\/comments?post=38071"}],"version-history":[{"count":4,"href":"https:\/\/www.3b-com.com\/blog\/wp-json\/wp\/v2\/pages\/38071\/revisions"}],"predecessor-version":[{"id":38180,"href":"https:\/\/www.3b-com.com\/blog\/wp-json\/wp\/v2\/pages\/38071\/revisions\/38180"}],"wp:attachment":[{"href":"https:\/\/www.3b-com.com\/blog\/wp-json\/wp\/v2\/media?parent=38071"}],"curies":[{"name":"wp","href":"https:\/\/api.w.org\/{rel}","templated":true}]}}